{"id":16223,"date":"2018-05-31T09:38:40","date_gmt":"2018-05-31T07:38:40","guid":{"rendered":"http:\/\/www.lp-packaging.it\/?page_id=16223"},"modified":"2023-03-13T10:57:15","modified_gmt":"2023-03-13T09:57:15","slug":"privacy","status":"publish","type":"page","link":"https:\/\/www.lp-packaging.it\/it\/privacy\/","title":{"rendered":"PRIVACY"},"content":{"rendered":"<p><span style=\"font-size: 18pt;\"><strong>PRIVACY &amp; COOKIE POLICY<\/strong><\/span><\/p>\n<p><span style=\"font-size: 18pt;\"><strong>Informativa sul trattamento dei dati personali (art. 13 Reg. UE 2016\/679, GDPR)<\/strong><\/span><\/p>\n<p><strong>\u00a0<\/strong><\/p>\n<p><strong>PREMESSA<\/strong><\/p>\n<p>L.P. PACKAGING S.R.L. dedica da sempre una particolare attenzione alla tutela dei dati personali. Con questa informativa (che \u00e8 resa in conformit\u00e0 al c.d. GDPR, ossia il Regolamento (UE) 2016\/679, di seguito &#8220;Regolamento&#8221; o \u201cGDPR\u201d) la L.P. PACKAGING S.R.L. descrive le modalit\u00e0 di trattamento dei dati personali degli utenti (\u201cInteressati\u201d) che consultano e che utilizzano il presente sito web, accessibile all\u2019indirizzo <a href=\"https:\/\/www.lp-packaging.it\/it\/\">https:\/\/www.lp-packaging.it\/it\/<\/a> (\u201cSito\u201d). Non riguarda, invece, altri siti o servizi online esterni eventualmente raggiungibili tramite link presenti nel Sito.<\/p>\n<p><strong>INDICE<\/strong><\/p>\n<p>SEZIONE 1 \u2013 PRIVACY POLICY<\/p>\n<ol>\n<li>Quali dati trattiamo?<\/li>\n<li>Per quanto tempo trattiamo i dati?<\/li>\n<li>Perch\u00e9 trattiamo i dati?<\/li>\n<li>Su quale base giuridica trattiamo i dati?<\/li>\n<li>Chi tratta i dati? E com\u2019\u00e8 possibile contattarlo?<\/li>\n<li>Chi sono i destinatari dei dati?<\/li>\n<li>Quali diritti spettano all\u2019interessato?<\/li>\n<\/ol>\n<p>SEZIONE 2 \u2013 COOKIE POLICY<\/p>\n<ol>\n<li>Cos\u2019\u00e8 un cookie?<\/li>\n<li>A cosa servono i cookie?<\/li>\n<li>Come informiamo l\u2019interessato?<\/li>\n<li>Quali tipi di cookie utilizziamo nel sito?<\/li>\n<\/ol>\n<p><strong>\u00a0<\/strong><\/p>\n<p><strong>SEZIONE 1 \u2013 PRIVACY POLICY<\/strong><\/p>\n<p><strong>\u00a0<\/strong><\/p>\n<p><strong>1. QUALI DATI TRATTIAMO?<\/strong><\/p>\n<p><em>1. Dati di navigazione <\/em><\/p>\n<p>Alcuni dati personali la cui trasmissione \u00e8 implicita nella navigazione dei siti web vengono acquisiti dai sistemi informatici che consentono il funzionamento del Sito. Anche se queste informazioni non sono raccolte per essere associate a interessati identificati, potrebbero permettere di identificare gli utenti &#8211; per loro stessa natura e attraverso elaborazioni ed associazioni con dati detenuti da terzi. Ad esempio, fra essi rientrano gli indirizzi IP o i nomi a dominio dei computer utilizzati dagli utenti che si connettono al sito, gli indirizzi URL delle risorse richieste, l\u2019orario della richiesta, il metodo utilizzato nel sottoporre la richiesta al server, la dimensione del file ottenuto in risposta, il codice numerico indicante lo stato della risposta data dal server ed altri parametri relativi al sistema operativo e al browser utilizzato. Per quanto riguarda i cookie, si rinvia alla \u201cCookie policy\u201d (Sezione 2).<\/p>\n<p>&nbsp;<\/p>\n<p><em>2. Dati comunicati dall&#8217;utente<\/em><\/p>\n<p>L\u2019utente pu\u00f2 inviare in modo facoltativo, esplicito e volontario delle comunicazioni adoperando i moduli di contatto presenti sul Sito o scrivendo una email agli indirizzi indicati sul Sito medesimo: ci\u00f2 comporta la successiva acquisizione dei dati comunicati dall\u2019utente, ivi incluso il suo indirizzo e-mail, e il consenso a ricevere eventuali messaggi di risposta alle proprie richieste.<\/p>\n<p>&nbsp;<\/p>\n<p><em>3. Cookie e altri sistemi di tracciamento<\/em><\/p>\n<p>Si rinvia alla sezione 2 (\u201cCookie policy\u201d).<\/p>\n<p><strong>\u00a0<\/strong><\/p>\n<p><strong>2. PER QUANTO TEMPO TRATTIAMO I DATI?<\/strong><\/p>\n<p>L.P. PACKAGING S.R.L.:<\/p>\n<ol>\n<li>cancella i <em>dati di navigazione<\/em> (par. 1.1) immediatamente dopo l\u2019elaborazione poich\u00e9 tali dati sono utilizzati solo per ricavare informazioni statistiche anonime sull\u2019uso del sito e per controllarne il corretto funzionamento. I dati potrebbero essere utilizzati per l\u2019accertamento di responsabilit\u00e0 in caso di ipotetici reati informatici ai danni del sito: salva questa eventualit\u00e0, allo stato i dati sui contatti web non persistono per pi\u00f9 di sette giorni;<\/li>\n<li>conserva i <em>dati comunicati dall\u2019utente <\/em>(par. 1.2) per il periodo necessario ai fini dell\u2019espletamento della richiesta e in base a quanto consentito dalla normativa vigente;<\/li>\n<li>conserva i dati relativi a <em>cookie e altri sistemi di tracciamento <\/em>(par. 1.3) per il periodo indicato nella sezione 2 (\u201cCookie policy\u201d).<\/li>\n<\/ol>\n<p><strong>\u00a0<\/strong><\/p>\n<p><strong>3. PERCH\u00c9<\/strong> <strong>TRATTIAMO I DATI?<\/strong><\/p>\n<p>La finalit\u00e0 del trattamento \u00e8:<\/p>\n<ol>\n<li>per il paragrafo 1.1, <em>Dati di navigazione<\/em>, rendere fruibile e sicuro il Sito;<\/li>\n<li>per il paragrafo 1.2, <em>Dati comunicati dall\u2019utente<\/em>, soddisfare o dare riscontro alle richieste inviate dall\u2019interessato;<\/li>\n<li>per il paragrafo 1.3, <em>Cookie e altri sistemi di tracciamento<\/em>, rendere fruibile e funzionale il Sito per i cookie tecnici e migliorarlo ed ottimizzarlo per i cookie di profilazione.<\/li>\n<\/ol>\n<p>&nbsp;<\/p>\n<p><strong>4. SU QUALE BASE GIURIDICA<\/strong><strong> TRATTIAMO I DATI?<\/strong><\/p>\n<p>La base giuridica \u00e8:<\/p>\n<ol>\n<li>per il paragrafo 1.1, <em>Dati di navigazione<\/em>, il <em>legittimo interesse<\/em> del Titolare;<\/li>\n<li>per il paragrafo 1.2, <em>Dati comunicati dall\u2019utente<\/em>, la <em>prestazione dei servizi <\/em>richiesti dall\u2019Interessato;<\/li>\n<li>per il paragrafo 1.3, <em>Cookie e altri sistemi di tracciamento<\/em>, il <em>legittimo interesse<\/em> per i cookie tecnici e il <em>consenso<\/em> per eventuali cookie analitici e di profilazione.<\/li>\n<\/ol>\n<p><strong>\u00a0<\/strong><\/p>\n<p><strong>5. CHI TRATTA I DATI? E COME \u00c8 POSSIBILE CONTATTARLO?<\/strong><\/p>\n<p>Il Titolare del trattamento \u00e8 L.P. PACKAGING S.R.L. S.R.L. (P.IVA 03478210374), con sede in Via Europa, 3A &#8211; 40010 Sala bolognese (BO) e con i seguenti recapiti: Tel. (+39) 051.860013, Fax. (+39) 051.861208, E-mail: <a href=\"mailto:info@lp-packaging.it\">info@lp-packaging.it<\/a> PEC: <a href=\"mailto:accounts@pec.lp-packaging.it\">accounts@pec.lp-packaging.it<\/a> (\u201cTitolare\u201d).<\/p>\n<p><strong>\u00a0<\/strong><\/p>\n<p><strong>6. CHI SONO I DESTINATARI DEI DATI?<\/strong><\/p>\n<p>I dati personali raccolti sono trattati dal personale del Titolare, che agisce sulla base di specifiche istruzioni fornite in ordine a finalit\u00e0 e modalit\u00e0 del trattamento medesimo.<\/p>\n<p>Inoltre, i responsabili nominati dal Titolare sono destinatari dei dati raccolti a seguito della consultazione del Sito. Il relativo elenco pu\u00f2 essere richiesto al Titolare utilizzando i dati di contatto di cui al paragrafo precedente (\u201cChi tratta i dati? E come possibile contattarlo?\u201d).<\/p>\n<p>&nbsp;<\/p>\n<p><strong>7. QUALI DIRITTI SPETTANO ALL\u2019INTERESSATO?<\/strong><\/p>\n<p>L.P. PACKAGING S.R.L. garantisce a ciascun interessato di poter esercitare in qualsiasi momento i diritti previsti dal GDPR in relazione ai trattamenti effettuati. Pi\u00f9 specificatamente, ciascun interessato ha il diritto:<\/p>\n<ul>\n<li>di<em> accesso<\/em>, ossia di sapere se il Titolare tratti o meno propri dati personali e, in caso positivo, di ad accedervi integralmente anche ottenendone copia (art. 15 GDPR),<\/li>\n<li>di<em> rettifica <\/em>dei dati personali inesatti o della loro integrazione ove incompleti (art. 16 GDPR);<\/li>\n<li>alla <em>cancellazione<\/em> dei dati personali (diritto all\u2019oblio) nei casi previsti dall\u2019art. 17 GDPR;<\/li>\n<li>alla <em>limitazione<\/em> del trattamento nei casi previsti dall\u2019art. 18 GDPR;<\/li>\n<li>alla <em>portabilit\u00e0 <\/em>dei dati, ossia di richiedere e ricevere i dati personali trattati dal Titolare, in un formato strutturato, di uso comune e leggibili da dispositivo automatico e di richiedere, ove tecnicamente fattibile, la trasmissione ad altro titolare senza impedimenti (art. 20 GDPR);<\/li>\n<li>di <em>opposizione<\/em> al trattamento dei dati per finalit\u00e0 di marketing diretto (art. 21 GDPR).<\/li>\n<\/ul>\n<p>L\u2019esercizio di questi diritti pu\u00f2 essere esercitato mediante comunicazione al Titolare (i cui recapiti sono indicati al paragrafo 5 della presente sezione).<\/p>\n<p>Inoltre, gli interessati che ritengono che il trattamento dei dati personali a loro riferiti effettuato attraverso questo sito avvenga in violazione di quanto previsto dal Regolamento hanno il diritto di proporre <em>reclamo<\/em> all\u2019autorit\u00e0 di controllo (per l\u2019Italia, il Garante per la protezione dei dati personali: www.garanteprivacy.it), come previsto dall\u2019art. 77 GDPR, o di agire dinanzi all\u2019autorit\u00e0 giudiziaria ordinaria (art. 79 GDPR).<\/p>\n<p>&nbsp;<\/p>\n<p><strong>SEZIONE 2 \u2013 COOKIE POLICY<\/strong><\/p>\n<p>&nbsp;<\/p>\n<p><strong>1. COS<\/strong><strong>\u2019\u00c8<\/strong><strong> UN COOKIE?<\/strong><\/p>\n<p>I cookie sono informazioni memorizzate mediante il browser quando viene visitato un sito web con un qualsiasi idoneo dispositivo (come un pc, un tablet o uno smartphone). Ogni cookie contiene diversi dati (ad es., il nome del server da cui proviene, un identificatore numerico, ecc.), pu\u00f2 rimanere nel sistema per la durata di una sessione (sino alla chiusura del browser) o per lunghi periodi e pu\u00f2 contenere un codice identificativo unico.<\/p>\n<p>&nbsp;<\/p>\n<p><strong>2. A COSA SERVONO I COOKIE?<\/strong><\/p>\n<p>I cookie sono utilizzati per diverse finalit\u00e0 a seconda della loro tipologia: alcuni sono strettamente necessari per la corretta funzionalit\u00e0 di un sito web (cookie tecnici), mentre altri ne ottimizzano le prestazioni per offrire una migliore esperienza all\u2019utente o consentono di acquisire statistiche sull\u2019utilizzo del sito, come i cookie analytics o consentono di visualizzare pubblicit\u00e0 personalizzata, come i cookie di profilazione.<\/p>\n<p>&nbsp;<\/p>\n<p><strong>3. COME INFORMIAMO L\u2019INTERESSATO?<\/strong><\/p>\n<p>L\u2019eventuale prestazione del consenso dell\u2019utente viene memorizzata dal Titolare mediante un cookie tecnico, avente durata di 12 mesi. L\u2019utente viene informato sia mediante l\u2019informativa breve (banner visualizzato sino a quando non viene prestato o negato il consenso) sia mediante questa informativa estesa; inoltre, di seguito sono indicati i link alle privacy policy delle terze parti, anche ai fini della loro disabilitazione (ove direttamente disponibile mediante le stesse).<\/p>\n<p>&nbsp;<\/p>\n<p><strong>4. QUALI TIPI DI COOKIE UTILIZZIAMO NEL SITO?<\/strong><\/p>\n<p><strong><em>I. Tipologie generali di cookie utilizzati nel sito <\/em><\/strong><\/p>\n<p>I cookie possono essere classificati in:<\/p>\n<ul>\n<li><u>Cookie tecnici<\/u> utilizzati al solo fine di effettuare la trasmissione di una comunicazione su una rete di comunicazione elettronica, o nella misura strettamente necessaria al fornitore di un servizio della societ\u00e0 dell\u2019informazione esplicitamente richiesto dal contraente o dall\u2019utente a erogare tale servizio come previsto dall\u2019art. 122 comma 1 del Codice Privacy. Tali tipologie di cookie non richiedono l\u2019acquisizione del consenso da parte dell\u2019utente ma devono essere indicati all\u2019interno della cookie policy.<\/li>\n<li><u>Cookie di profilazione<\/u> utilizzati per ricondurre a soggetti determinati, identificati o identificabili, specifiche azioni o schemi comportamentali allo scopo di consentire al titolare di modulare la fornitura del servizio in modo pi\u00f9 personalizzato e inviare messaggi pubblicitari in linea con le preferenze manifestate dall\u2019utente durante la navigazione.<\/li>\n<li><u>Cookie Analytics<\/u> installati sul terminale dell\u2019utente ad opera di gestori del sito visitato o di siti terzi. I cookies di terze parti, aventi principalmente finalit\u00e0 di analisi, derivano per lo pi\u00f9 dalle funzionalit\u00e0 di Google Analytics. \u00c8 possibile avere maggiori informazioni su Google Analytics cliccando sul seguente link: <a href=\"http:\/\/www.google.it\/intl\/it\/analytics\">http:\/\/www.google.it\/intl\/it\/analytics<\/a>. In ogni caso i cookie non consentono di identificare l\u2019interessato e si intendono riferiti al singolo dispositivo o alla singola applicazione allo scopo di evitare il tracciamento dei dati di navigazione dell\u2019utente. I cookie analytics possono essere trattati alla stregua dei cookie tecnici, e quindi prescindere dal consenso dell\u2019utente, al ricorrere delle seguenti condizioni:<\/li>\n<li>L\u2019utilizzo \u00e8 limitato alla produzione di statistiche aggregate utilizzabili in relazione al sito oggetto di visita da parte dell\u2019utente;<\/li>\n<li>In riferimento ai cookie analytics c.d. di terze parti, dev\u2019essere mascherata la quarta parte dell\u2019indirizzo IP oggetto di tracciamento;<\/li>\n<li>Relativamente ai cookie analytics c.d. di terze parti, dovr\u00e0 essere impedito al soggetto terzo di utilizzare i cookie analytics in combinazione ad altre elaborazioni o trasmetterli ad ulteriori soggetti terzi.<\/li>\n<\/ul>\n<p><strong><em>II. Normativa applicabile<\/em><\/strong><\/p>\n<p>Per l\u2019utilizzo dei cookie e di altri strumenti di tracciamento tecnici, il titolare del trattamento \u00e8 soggetto al solo obbligo di fornire una specifica informativa all\u2019interessato.\u00a0 Relativamente ai cookie e altri strumenti di tracciamento per finalit\u00e0 diverse da quelle tecniche, l\u2019utilizzo \u00e8 consentito esclusivamente previa acquisizione del consenso informato dell\u2019utente, il quale deve essere espresso con un atto inequivocabile ai sensi del Considerando 32.<\/p>\n<p>Meccanismo di acquisizione del consenso<\/p>\n<p>Il titolare del trattamento garantisce il meccanismo di acquisizione del consenso attraverso la presentazione di un banner al primo accesso dell\u2019utente al sito.<\/p>\n<p>Il banner contiene:<\/p>\n<ul>\n<li>una X in alto a destra che equivale al mancato consenso da parte dell\u2019utente.<\/li>\n<li>un\u2019informativa breve nella quale viene rappresentato che il sito utilizza cookie tecnici e solo, previa acquisizione del consenso dell\u2019utente, anche cookie di profilazione.<\/li>\n<li>un link alla privacy policy e alla cookie policy.<\/li>\n<li>un comando attraverso il quale l\u2019utente manifesta il proprio consenso.<\/li>\n<li>un link ad un\u2019area dedicata alla scelta e alla personalizzazione dei cookie in cui l\u2019utente potr\u00e0 prestare liberamente il proprio consenso rispetto alle funzionalit\u00e0, ai soggetti fornitori ed ai cookie specifici che intende accettare.<\/li>\n<\/ul>\n<p>Nell\u2019ipotesi in cui l\u2019utente non acconsenta all\u2019impiego di cookie e altri strumenti di tracciamento e nell\u2019ipotesi in cui l\u2019utente abbia scelto di prestare il proprio consenso solo per l\u2019utilizzo di determinati cookie, la scelta viene registrata e non pi\u00f9 sollecitata, salvo che nelle seguenti ipotesi:<\/p>\n<ul>\n<li>quando mutino significativamente una o pi\u00f9 condizioni del trattamento<\/li>\n<li>quando sia impossibile, per il gestore de sito, sapere se un cookie sia gi\u00e0 stato memorizzato nel dispositivo<\/li>\n<li>quando siano trascorsi almeno 6 mesi dalla precedente presentazione del banner.<\/li>\n<\/ul>\n<p><strong><em>III. Base giuridica del conferimento<\/em><\/strong><\/p>\n<p>Per i cookie tecnici la base giuridica del conferimento \u00e8 rappresentata dall\u2019interesse legittimo del titolare del trattamento, ai sensi dell\u2019art. 6 lett. f) GDPR, trattandosi di cookie necessari al funzionamento del sito. Per i cookie non tecnici la base giuridica del conferimento \u00e8 rappresentato dal consenso espressamente manifestato dall\u2019utente e sempre revocabile ai sensi dell\u2019art. 6 lett. a) GDPR.<\/p>\n<p>&nbsp;<\/p>\n<p><strong><em>IV. Cookie utilizzati \u2013 Tempi di conservazione \u2013 Finalit\u00e0 \u2013 Trasferimento dei dati a terze parti<\/em><\/strong><strong><em>\u00a0<\/em><\/strong><\/p>\n<script\n\t\ttype=\"text\/javascript\"\n\t\tid=\"CookieDeclaration\"\n\t\tsrc=\"https:\/\/consent.cookiebot.com\/9c12b7dc-74d3-476a-bbe2-6ef2b2b93197\/cd.js\"\n\t\t\t\tasync><\/script>\n\n<p><strong><em>V. Le impostazioni del browser<\/em><\/strong><\/p>\n<p>Informiamo, inoltre, che l\u2019utente pu\u00f2 configurare, liberamente ed in qualsiasi momento, i suoi parametri di privacy in relazione all\u2019installazione ed uso di cookie, direttamente attraverso il suo programma di navigazione (browser) seguendo le relative istruzioni.<\/p>\n<p>In particolare l\u2019utente pu\u00f2 impostare la cos\u00ec detta \u201cnavigazione privata\u201d, grazie alla quale il suo programma di navigazione interrompe il salvataggio dello storico dei siti visitati, delle eventuali password inserite, dei cookies e delle altre informazioni sulle pagine visitate.<\/p>\n<p>Avvertiamo che nel caso in cui l\u2019utente decida di disattivare tutti i cookies (anche quelli di natura tecnica), la qualit\u00e0 e la rapidit\u00e0 dei servizi offerti dal presente sito web potrebbero peggiorare drasticamente e si potrebbe perdere l\u2019accesso ad alcune sezioni del sito stesso.<\/p>\n<p><strong><em>VI. Diritti degli interessati <\/em><\/strong><\/p>\n<p>L\u2019interessato al trattamento Lei ha il diritto di esercitare i seguenti diritti:<\/p>\n<p><strong>a. Diritto di accesso<\/strong> ai sensi art. 15 del Reg. UE 20167679 l\u2019interessato ha diritto alla conferma che sia o meno in corso un trattamento di dati personali che La riguardano e in tal caso, pu\u00f2 ottenere, fra l\u2019altro, l&#8217;accesso ai Suoi dati personali e alle informazioni inerenti le finalit\u00e0 del trattamento, le categorie di dati personali in questione, i destinatari o le categorie di destinatari a cui i dati personali sono stati o saranno comunicati.<\/p>\n<p><strong>b. Diritto di rettifica<\/strong> ai sensi art. 16 del Regolamento:<\/p>\n<ul>\n<li>rettifica dei dati personali inesatti che La riguardano senza ingiustificato ritardo<\/li>\n<li>integrazione dei Suoi dati personali, se incompleti.<\/li>\n<\/ul>\n<p><strong>c. Diritto alla cancellazione<\/strong> (\u00abdiritto all&#8217;oblio\u00bb) ai sensi dell\u2019art. 17 del Regolamento cancellazione dei dati personali che La riguardano senza ingiustificato ritardo<\/p>\n<p><strong>d. Diritto di limitazione di trattamento<\/strong> ai sensi dell\u2019art. 18 del Regolamento limitazione del trattamento nei seguenti casi:<\/p>\n<ul>\n<li>l\u2019interessato contesta l\u2019esattezza dei dati personali, per il periodo necessario al titolare del trattamento per verificare l&#8217;esattezza di tali dati personali;<\/li>\n<li>il trattamento \u00e8 illecito e l\u2019interessato si oppone alla cancellazione dei dati personali e chiede invece che ne sia limitato l\u2019utilizzo;<\/li>\n<li>bench\u00e9 il titolare del trattamento non ne abbia pi\u00f9 bisogno ai fini del trattamento, i dati personali sono necessari all&#8217;interessato per l&#8217;accertamento, l&#8217;esercizio o la difesa di un diritto in sede giudiziaria;<\/li>\n<li>l&#8217;interessato si \u00e8 opposto al trattamento ai sensi dell&#8217;articolo 21, paragrafo 1, in attesa della verifica in merito all&#8217;eventuale prevalenza dei motivi legittimi del titolare del trattamento rispetto a quelli dell&#8217;interessato.<\/li>\n<\/ul>\n<p><strong>e. Diritto alla portabilit\u00e0 dei dati<\/strong> ai sensi dell\u2019art. 20 del Regolamento \u00e8 possibile ricevere in un formato strutturato, di uso comune e leggibile da dispositivo automatico, i dati personali che La riguardano e in nostro possesso;<\/p>\n<p><strong>f. Diritto di trasmettere tali dati a un altro titolare del trattamento <\/strong>senza impedimenti da parte del titolare del trattamento cui li ha forniti nei casi di cui all\u2019articolo 20 del Regolamento.<\/p>\n<p><strong>g. Diritto di opposizione<\/strong> per trattamenti eseguiti ai sensi dell\u2019articolo 6, paragrafo 1 lettere e) o f) e ai sensi dell\u2019art. 21 del Regolamento opposizione, in qualsiasi momento, per motivi connessi alla Sua situazione particolare, al trattamento dei dati personali che la riguardano compresa la profilazione.<\/p>\n<p>Le suddette richieste potranno essere rivolte al Titolare del trattamento L.P. PACKAGING S.R.L. S.R.L. (P.IVA 03478210374), con sede in Via Europa, 3A &#8211; 40010 Sala bolognese (BO) e con i seguenti recapiti: Tel. (+39) 051.860013, Fax. (+39) 051.861208, E-mail: info@lp-packaging.it PEC: accounts@pec.lp-packaging.it (\u201cTitolare\u201d).<\/p>\n<p>Inoltre, nel caso in cui si ritenga che il trattamento sia stato svolto in violazione della normativa sulla protezione dei dati personali, \u00e8 riconosciuto il diritto di presentare reclamo all\u2019Autorit\u00e0 Garante per la protezione dei dati personali, Piazza Venezia, 11 &#8211; 00187 &#8211; Roma.<\/p>\n<p>&nbsp;<\/p>\n<p>&nbsp;<\/p>\n<p>&nbsp;<\/p>\n","protected":false},"excerpt":{"rendered":"<p>PRIVACY &amp; COOKIE POLICY Informativa sul trattamento dei dati personali (art. 13 Reg. UE 2016\/679, GDPR) \u00a0 PREMESSA L.P. PACKAGING S.R.L. dedica da sempre una particolare attenzione alla tutela dei dati personali. Con questa informativa (che \u00e8 resa in conformit\u00e0 al c.d. GDPR, ossia il&#8230;<\/p>\n","protected":false},"author":7,"featured_media":0,"parent":0,"menu_order":0,"comment_status":"closed","ping_status":"closed","template":"","meta":{"footnotes":""},"class_list":["post-16223","page","type-page","status-publish","hentry"],"_links":{"self":[{"href":"https:\/\/www.lp-packaging.it\/it\/wp-json\/wp\/v2\/pages\/16223"}],"collection":[{"href":"https:\/\/www.lp-packaging.it\/it\/wp-json\/wp\/v2\/pages"}],"about":[{"href":"https:\/\/www.lp-packaging.it\/it\/wp-json\/wp\/v2\/types\/page"}],"author":[{"embeddable":true,"href":"https:\/\/www.lp-packaging.it\/it\/wp-json\/wp\/v2\/users\/7"}],"replies":[{"embeddable":true,"href":"https:\/\/www.lp-packaging.it\/it\/wp-json\/wp\/v2\/comments?post=16223"}],"version-history":[{"count":14,"href":"https:\/\/www.lp-packaging.it\/it\/wp-json\/wp\/v2\/pages\/16223\/revisions"}],"predecessor-version":[{"id":16399,"href":"https:\/\/www.lp-packaging.it\/it\/wp-json\/wp\/v2\/pages\/16223\/revisions\/16399"}],"wp:attachment":[{"href":"https:\/\/www.lp-packaging.it\/it\/wp-json\/wp\/v2\/media?parent=16223"}],"curies":[{"name":"wp","href":"https:\/\/api.w.org\/{rel}","templated":true}]}}