{"id":15366,"date":"2017-10-16T12:27:00","date_gmt":"2017-10-16T10:27:00","guid":{"rendered":"http:\/\/www.lp-packaging.it\/services-copy\/"},"modified":"2023-12-07T10:28:14","modified_gmt":"2023-12-07T09:28:14","slug":"azienda","status":"publish","type":"page","link":"https:\/\/www.lp-packaging.it\/it\/azienda\/","title":{"rendered":"AZIENDA"},"content":{"rendered":"<p>[vc_row css_animation=&#8221;&#8221; row_type=&#8221;row&#8221; use_row_as_full_screen_section=&#8221;no&#8221; type=&#8221;full_width&#8221; angled_section=&#8221;no&#8221; text_align=&#8221;left&#8221; background_image_as_pattern=&#8221;without_pattern&#8221;][vc_column][vc_empty_space][\/vc_column][\/vc_row][vc_row css_animation=&#8221;&#8221; row_type=&#8221;row&#8221; use_row_as_full_screen_section=&#8221;no&#8221; type=&#8221;full_width&#8221; angled_section=&#8221;no&#8221; text_align=&#8221;left&#8221; background_image_as_pattern=&#8221;without_pattern&#8221;][vc_column][vc_column_text]<\/p>\n<p style=\"text-align: center;\"><span style=\"font-size: 18pt;\"><em><strong>&#8220;Non esistono problemi, soltanto soluzioni&#8221;<\/strong><\/em><\/span><\/p>\n<p>&nbsp;<\/p>\n<p style=\"text-align: center;\"><span style=\"font-size: 14pt;\">Nel nostro lavoro \u00e8 la passione che annulla gran parte delle difficolt\u00e0. <\/span><\/p>\n<p style=\"text-align: center;\"><span style=\"font-size: 14pt;\">Cos\u00ec progettiamo e costruiamo macchine automatiche per imballaggio e confezionamento <strong>dal 1985<\/strong>.<\/span><\/p>\n<p>[\/vc_column_text][\/vc_column][\/vc_row][vc_row css_animation=&#8221;&#8221; row_type=&#8221;row&#8221; use_row_as_full_screen_section=&#8221;no&#8221; type=&#8221;full_width&#8221; angled_section=&#8221;no&#8221; text_align=&#8221;left&#8221; background_image_as_pattern=&#8221;without_pattern&#8221;][vc_column][vc_empty_space][\/vc_column][\/vc_row][vc_row css_animation=&#8221;&#8221; row_type=&#8221;row&#8221; use_row_as_full_screen_section=&#8221;no&#8221; type=&#8221;full_width&#8221; angled_section=&#8221;no&#8221; text_align=&#8221;left&#8221; background_image_as_pattern=&#8221;without_pattern&#8221;][vc_column][vc_column_text]<\/p>\n<p style=\"text-align: center;\"><span style=\"font-size: 14pt;\">Possiamo creare macchine su misura per l&#8217;imballaggio di qualsiasi prodotto,<\/span><\/p>\n<p style=\"text-align: center;\"><span style=\"font-size: 14pt;\">dall&#8217; estremamente piccolo e pesante a quello grande ma leggero.<\/span><\/p>\n<p>[\/vc_column_text][\/vc_column][\/vc_row][vc_row css_animation=&#8221;&#8221; row_type=&#8221;row&#8221; use_row_as_full_screen_section=&#8221;no&#8221; type=&#8221;full_width&#8221; angled_section=&#8221;no&#8221; text_align=&#8221;left&#8221; background_image_as_pattern=&#8221;without_pattern&#8221;][vc_column][vc_empty_space][\/vc_column][\/vc_row][vc_row css_animation=&#8221;&#8221; row_type=&#8221;row&#8221; use_row_as_full_screen_section=&#8221;no&#8221; type=&#8221;full_width&#8221; angled_section=&#8221;no&#8221; text_align=&#8221;left&#8221; background_image_as_pattern=&#8221;without_pattern&#8221;][vc_column][vc_column_text]<\/p>\n<p style=\"text-align: center;\"><span style=\"font-size: 14pt;\">Dedichiamo la nostra\u00a0esperienza e professionalit\u00e0 a molteplici settori.<\/span><\/p>\n<p style=\"text-align: center;\"><strong><span style=\"font-size: 14pt;\">Industria Alimentare, <\/span><span style=\"font-size: 14pt;\">Cosmetica, Farmaceutica e al vastissimo mondo del No-Food.<\/span><\/strong><\/p>\n<p>[\/vc_column_text][\/vc_column][\/vc_row][vc_row css_animation=&#8221;&#8221; row_type=&#8221;row&#8221; use_row_as_full_screen_section=&#8221;no&#8221; type=&#8221;full_width&#8221; angled_section=&#8221;no&#8221; text_align=&#8221;left&#8221; background_image_as_pattern=&#8221;without_pattern&#8221;][vc_column][vc_empty_space][\/vc_column][\/vc_row][vc_row css_animation=&#8221;&#8221; row_type=&#8221;row&#8221; use_row_as_full_screen_section=&#8221;no&#8221; type=&#8221;full_width&#8221; angled_section=&#8221;no&#8221; text_align=&#8221;left&#8221; background_image_as_pattern=&#8221;without_pattern&#8221;][vc_column][vc_column_text]<\/p>\n<p style=\"text-align: center;\"><span style=\"font-size: 14pt;\">Potete richiedere soluzioni complete o personalizzate dei modelli LP Packaging.<\/span><\/p>\n<p style=\"text-align: center;\"><span style=\"font-size: 14pt;\">Il nostro team \u00e8 a disposizione per fornire supporto a tutti i clienti, rispondendo alle singole <\/span><\/p>\n<p style=\"text-align: center;\"><span style=\"font-size: 14pt;\">esigenze professionali con <strong>servizio accurato e personalizzato<\/strong>.<\/span><\/p>\n<p>[\/vc_column_text][\/vc_column][\/vc_row][vc_row css_animation=&#8221;&#8221; row_type=&#8221;row&#8221; use_row_as_full_screen_section=&#8221;no&#8221; type=&#8221;full_width&#8221; angled_section=&#8221;no&#8221; text_align=&#8221;left&#8221; background_image_as_pattern=&#8221;without_pattern&#8221;][vc_column][vc_empty_space][\/vc_column][\/vc_row][vc_row css_animation=&#8221;&#8221; row_type=&#8221;row&#8221; use_row_as_full_screen_section=&#8221;no&#8221; type=&#8221;grid&#8221; angled_section=&#8221;no&#8221; text_align=&#8221;left&#8221; background_image_as_pattern=&#8221;without_pattern&#8221; padding_top=&#8221;50&#8243; padding_bottom=&#8221;50&#8243; css=&#8221;.vc_custom_1701940103557{border-top-width: 1px !important;border-right-width: 0px !important;border-bottom-width: 0px !important;border-left-width: 0px !important;background-color: #ffffff !important;border-left-color: #ed1d24 !important;border-left-style: solid !important;border-right-color: #ed1d24 !important;border-right-style: solid !important;border-top-color: #ed1d24 !important;border-top-style: solid !important;border-bottom-color: #ed1d24 !important;border-bottom-style: solid !important;}&#8221;][vc_column][vc_column_text]<\/p>\n<h2 style=\"text-align: center;\"><span style=\"font-size: 18pt;\">Focus on<\/span><\/h2>\n<p>[\/vc_column_text][vc_empty_space][vc_column_text]<\/p>\n<p class=\"p1\" style=\"text-align: center;\"><span style=\"font-size: 14pt;\"><strong>Progetto di Transizione Digitale di L.P Packaging Srl: introduzione della tecnologia SolidWorks PDM Professional (SWPDM)<\/strong><\/span><\/p>\n<p>[\/vc_column_text][vc_empty_space][vc_column_text]<\/p>\n<p class=\"p1\" style=\"text-align: center;\"><span style=\"font-size: 14pt;\">Il progetto prevede l&#8217;introduzione di un sistema PDM (Product Data Management) e rappresenta un passaggio strategico di cambiamento aziendale. SOLIDWORKS PDM Professional \u00e8 un&#8217;applicazione che utilizza Microsoft SQL Server Standard per garantire prestazioni elevate ed \u00e8 fornita insieme alle integrazioni con applicazioni di creazione di contenuto, incluse applicazioni CAD e Microsoft Office.<\/span><\/p>\n<p>[\/vc_column_text][vc_empty_space height=&#8221;50px&#8221;][vc_row_inner row_type=&#8221;row&#8221; type=&#8221;grid&#8221; text_align=&#8221;left&#8221; css_animation=&#8221;&#8221;][vc_column_inner width=&#8221;1\/4&#8243;][vc_single_image image=&#8221;16404&#8243; img_size=&#8221;full&#8221; qode_css_animation=&#8221;&#8221;][\/vc_column_inner][vc_column_inner width=&#8221;3\/4&#8243;][vc_single_image image=&#8221;16405&#8243; img_size=&#8221;full&#8221; alignment=&#8221;center&#8221; qode_css_animation=&#8221;&#8221;][\/vc_column_inner][\/vc_row_inner][\/vc_column][\/vc_row][vc_row css_animation=&#8221;&#8221; row_type=&#8221;row&#8221; use_row_as_full_screen_section=&#8221;no&#8221; type=&#8221;full_width&#8221; angled_section=&#8221;no&#8221; text_align=&#8221;left&#8221; background_image_as_pattern=&#8221;without_pattern&#8221;][vc_column]<div class=\"call_to_action normal\" style=\"background-color: #d3d3d3;\"><div class=\"container_inner\"><div class=\"two_columns_75_25 clearfix\"><div class=\"text_wrapper column1\"><div class=\"call_to_action_text  font_weight_inherit\" style=\"font-weight: 400;\"><span style=\"font-size: 24pt; color: #000000;\">Ora vorremmo conoscere te<\/span><\/div><\/div><div class=\"button_wrapper column2\"><a itemprop=\"url\" href=\"http:\/\/www.lp-packaging.it\/contatti\/\" class=\"qbutton white medium\" target=\"\" style=\"color: #ffffff;border-color: #e30613;background-color: #e30613;\"data-hover-background-color=#ffffff data-hover-border-color=#ffffff data-hover-color=#e30613>Scrivici adesso qui<\/a><\/div><\/div><\/div><\/div>[\/vc_column][\/vc_row]<\/p>\n","protected":false},"excerpt":{"rendered":"<p>[vc_row css_animation=&#8221;&#8221; row_type=&#8221;row&#8221; use_row_as_full_screen_section=&#8221;no&#8221; type=&#8221;full_width&#8221; angled_section=&#8221;no&#8221; text_align=&#8221;left&#8221; background_image_as_pattern=&#8221;without_pattern&#8221;][vc_column][vc_empty_space][\/vc_column][\/vc_row][vc_row css_animation=&#8221;&#8221; row_type=&#8221;row&#8221; use_row_as_full_screen_section=&#8221;no&#8221; type=&#8221;full_width&#8221; angled_section=&#8221;no&#8221; text_align=&#8221;left&#8221; background_image_as_pattern=&#8221;without_pattern&#8221;][vc_column][vc_column_text] &#8220;Non esistono problemi, soltanto soluzioni&#8221; &nbsp; Nel nostro lavoro \u00e8 la passione che annulla gran parte delle difficolt\u00e0. Cos\u00ec progettiamo e costruiamo macchine automatiche per imballaggio e confezionamento dal 1985&#8230;.<\/p>\n","protected":false},"author":7,"featured_media":0,"parent":0,"menu_order":0,"comment_status":"open","ping_status":"open","template":"full_width.php","meta":{"footnotes":""},"class_list":["post-15366","page","type-page","status-publish","hentry"],"_links":{"self":[{"href":"https:\/\/www.lp-packaging.it\/it\/wp-json\/wp\/v2\/pages\/15366"}],"collection":[{"href":"https:\/\/www.lp-packaging.it\/it\/wp-json\/wp\/v2\/pages"}],"about":[{"href":"https:\/\/www.lp-packaging.it\/it\/wp-json\/wp\/v2\/types\/page"}],"author":[{"embeddable":true,"href":"https:\/\/www.lp-packaging.it\/it\/wp-json\/wp\/v2\/users\/7"}],"replies":[{"embeddable":true,"href":"https:\/\/www.lp-packaging.it\/it\/wp-json\/wp\/v2\/comments?post=15366"}],"version-history":[{"count":82,"href":"https:\/\/www.lp-packaging.it\/it\/wp-json\/wp\/v2\/pages\/15366\/revisions"}],"predecessor-version":[{"id":16406,"href":"https:\/\/www.lp-packaging.it\/it\/wp-json\/wp\/v2\/pages\/15366\/revisions\/16406"}],"wp:attachment":[{"href":"https:\/\/www.lp-packaging.it\/it\/wp-json\/wp\/v2\/media?parent=15366"}],"curies":[{"name":"wp","href":"https:\/\/api.w.org\/{rel}","templated":true}]}}